{"id":312,"date":"2025-05-06T13:36:54","date_gmt":"2025-05-06T13:36:54","guid":{"rendered":"https:\/\/hydraprim.md\/?page_id=312"},"modified":"2025-05-09T12:37:37","modified_gmt":"2025-05-09T12:37:37","slug":"politica-de-confidentialitate","status":"publish","type":"page","link":"https:\/\/hydraprim.md\/en\/politica-de-confidentialitate\/","title":{"rendered":"Privacy Policy"},"content":{"rendered":"<h4 class=\"wp-block-heading\">I. General Information<\/h4><p>The privacy of your personal data is one of the main concerns of Hydra Prim, headquartered in Chisinau municipality, acting as the data controller.<br>This document aims to inform you about the processing of your personal data in the context of using the website https:\/\/hydraprim.md\/ (the \"Site\").<\/p><h4 class=\"wp-block-heading\">II. Categories of Personal Data Processed<\/h4><p><strong>II.1.<\/strong>&nbsp;If you are a client of the Site, HydraPrim.md will process your personal data, such as your full name, phone number, email address, billing address, shipping address, data related to how you use the Site \u2014 for example, your behavior\/preferences\/habits on HydraPrim.md \u2014 as well as any other categories of data you provide directly in the context of creating a user account, placing an order through the Site, or in any other way resulting from the use of the Site.<\/p><p>If you create a user account on the Site using your Facebook or Google account, HydraPrim.md will process the following public profile data displayed by these applications: username and email address.<\/p><p>If you choose to create a user account only before completing the order of a product available on the Site, your email address will be requested, based on which an account will be automatically created. If you do not complete the order, the email address and other provided data will not be stored by HydraPrim.md, and the created account will be automatically deleted.<\/p><p><strong>II.2.<\/strong>&nbsp;If you are a visitor to the Site, HydraPrim.md will process your personal data that you provide directly in the context of using the Site, such as the data you submit through the contact \/ questions \/ complaints section, insofar as you contact us in this way.<\/p><h4 class=\"wp-block-heading\">III. Purposes and Legal Grounds for Processing<\/h4><p><strong>III.1.<\/strong>&nbsp;If you are a client of the Site, HydraPrim.md processes your personal data as follows:<\/p><ul class=\"wp-block-list\"><li>for the execution of the contractual relationship between you and [the website owner], namely for receiving, validating, shipping, and invoicing the order placed on the Site, informing you about the status of the order, organizing the return of ordered products, etc.<\/li><\/ul><p><em>Legal basis: The processing of your data for this purpose is based on the contract concluded between you and HydraPrim.md, as defined in the Terms and Conditions. Providing your personal data is necessary for the execution of this contract. Refusal to provide the data may result in the inability to carry out the contractual relationship between you and HydraPrim.md.<\/em><\/p><ul class=\"wp-block-list\"><li>for the fulfillment of legal obligations incumbent upon HydraPrim.md in the context of services provided through the Site, including obligations related to taxation and archiving.<\/li><\/ul><p><em>Legal basis: The processing of your data for this purpose is necessary based on legal obligations. Providing your data for this purpose is mandatory. Refusal to provide the data may result in HydraPrim.md being unable to comply with its legal obligations and, consequently, unable to provide you with services through the Site.<\/em><\/p><ul class=\"wp-block-list\"><li>for marketing activities, namely for sending commercial communications regarding the products and services offered by HydraPrim.md through the Site, via remote communication means (email, SMS).<\/li><\/ul><p><em>Legal basis: The processing of your data for this purpose is based on your consent, if you choose to provide it.<\/em><\/p><p>You can give your consent for the processing of data for this purpose by checking the corresponding box at the time of account creation or later in the \"My Account Information\" section. To unsubscribe from receiving such commercial communications, you can use the option at the bottom of each email\/SMS containing commercial messages. Additionally, you can unsubscribe by accessing the \"My Account Information\" section.<\/p><p><strong>Providing your data for this purpose is voluntary.<\/strong>&nbsp;Refusal to provide consent for the processing of your data for this purpose will not have any negative consequences for you.<\/p><ul class=\"wp-block-list\"><li>for the purpose of performing various analyses and reports regarding the operation of the Site, creating consumer preference profiles, primarily to improve the experience offered on the Site.<\/li><\/ul><p><em>Legal basis: The processing of your data for this purpose is based on the legitimate interest of HydraPrim.md to continuously improve the customer experience on the Site. Providing your data for this purpose is voluntary. Refusal to provide data for this purpose will not have any negative consequences for you.<\/em><\/p><p><strong>III.2.<\/strong>&nbsp;If you are a visitor to the Site, HydraPrim.md<\/p><p>prelucreaz\u0103 datele dumneavoastr\u0103 cu caracter personal astfel:<\/p><ul class=\"wp-block-list\"><li>for marketing activities, namely for sending commercial communications regarding the products and services offered by HydraPrim.md through the Site, via remote communication means (email, SMS).<\/li><\/ul><p><em>Legal basis: The processing of your data for this purpose is based on your consent, if you choose to provide it.<\/em><\/p><p>You may give your consent for the processing of data for this purpose by completing and checking the corresponding box in the newsletter subscription form available on the Site. To unsubscribe from receiving such commercial communications, you can use the option at the bottom of each email\/SMS containing commercial messages.<\/p><p>Providing your data for this purpose is voluntary. Refusal to provide consent for the processing of your data for this purpose will not have any negative consequences for you.<\/p><ul class=\"wp-block-list\"><li>for handling complaints and claims, and for monitoring traffic and improving your experience on the Site.<\/li><\/ul><p><em>Legal basis: The processing of your data for this purpose is based on the legitimate interest of HydraPrim.md to ensure the proper functioning of the Site, as well as to continuously improve the experience of Site visitors, including by addressing various comments, questions, or complaints.<\/em><\/p><p>Providing your data for this purpose is voluntary. Refusal to provide data for this purpose will not have any negative consequences for you.<\/p><h4 class=\"wp-block-heading\">IV. Duration of Data Processing<\/h4><p>As a principle, HydraPrim.md will process your personal data only as long as necessary to achieve the processing purposes mentioned above.<\/p><p>If you are a client, we will process your data for the entire duration of the contractual relationship and thereafter in accordance with the legal obligations incumbent upon HydraPrim.md (e.g., in the case of financial-accounting supporting documents for which the retention period prescribed by law is 10 years from the end of the financial year during which they were created).<\/p><p>If you withdraw your consent for data processing for marketing purposes, [the website owner] will cease processing your personal data for this purpose, without affecting the processing carried out by HydraPrim.md based on the consent you gave prior to its withdrawal.<\/p><h4 class=\"wp-block-heading\">V. Disclosure of Personal Data<\/h4><p>For the fulfillment of the processing purposes, HydraPrim.md may disclose your data to partners, third parties, or entities supporting HydraPrim.md in carrying out activities through the Site (e.g., courier companies, IT service providers), or to central\/local public authorities, in the following illustrative cases:<\/p><ul class=\"wp-block-list\"><li>for the administration of the Site;<\/li>\n\n<li>in situations where such communication is necessary for awarding prizes or other benefits to the data subjects, obtained as a result of their participation in various promotional campaigns organized by HydraPrim.md through the Site;<\/li>\n\n<li>for maintaining, personalizing, and improving the Site and the services provided through it;<\/li>\n\n<li>for performing data analysis, testing and research, monitoring usage and activity trends, developing security features, and authenticating users;<\/li>\n\n<li>for sending marketing commercial communications, under the conditions and limits provided by law;<\/li>\n\n<li>when the disclosure of personal data is required by law, etc.<\/li><\/ul><h4 class=\"wp-block-heading\">VI. Transfer of Personal Data<\/h4><p>The personal data provided to HydraPrim.md may be transferred outside the Republic of Moldova.<\/p><h4 class=\"wp-block-heading\">VII. Your Rights<\/h4><p>Under the conditions provided by data protection legislation, as data subjects, you have the following rights:<\/p><ul class=\"wp-block-list\"><li>the right to be informed, namely the right to receive details regarding the processing activities carried out by HydraPrim.md, as described in this document;<\/li>\n\n<li>the right of access to data, namely the right to obtain confirmation from HydraPrim.md regarding the processing of personal data, as well as details about the processing activities such as how the data is processed, the purpose of the processing, the recipients or categories of recipients of the data, etc.;<\/li>\n\n<li>the right to rectification, namely the right to obtain the correction, without undue delay, by HydraPrim.md of inaccurate or unjustified personal data, as well as the completion of incomplete data; the rectification\/completion will be communicated to each recipient to whom the data have been disclosed, unless this proves impossible or involves disproportionate effort.<\/li>\n\n<li>the right to erasure, without undue delay (\u201cthe right to be forgotten\u201d), where one of the following grounds applies:<ul class=\"wp-block-list\"><li>acestea nu mai sunt necesare pentru \u00eendeplinirea scopurilor pentru care au fost colectate sau prelucrate;<\/li>\n\n<li>\u00een cazul \u00een care este retras consim\u021b\u0103m\u00e2ntul \u0219i nu exist\u0103 niciun alt temei juridic pentru prelucrare;<\/li>\n\n<li>if the data subject objects to processing and there are no overriding legitimate grounds;<\/li>\n\n<li>if the personal data have been processed unlawfully;<\/li>\n\n<li>if the personal data must be erased to comply with a legal obligation;<\/li>\n\n<li>the personal data have been collected in connection with the provision of information society services pursuant to Union law or the domestic law applicable to the controller.<\/li><\/ul><\/li><\/ul><p>It is possible that, following a request for data deletion, HydraPrim.md may anonymize such data (thus removing their personal nature) and continue processing them for statistical purposes under these conditions;<\/p><ul class=\"wp-block-list\"><li>the right to restriction of processing insofar as:<ul class=\"wp-block-list\"><li>the data subject contests the accuracy of the data, for a period enabling us to verify the accuracy of the data;<\/li>\n\n<li>the processing is unlawful, and the data subject objects to the erasure of personal data, requesting instead the restriction of their use;<\/li>\n\n<li>the controller no longer needs the personal data for processing purposes, but the data subject requests them for the establishment, exercise, or defense of a legal claim; or<\/li>\n\n<li>the data subject has objected to the processing (other than direct marketing), for the period during which it is verified whether the legitimate rights of the controller override those of the data subject.<\/li><\/ul><\/li>\n\n<li>the right to data portability, namely (i) the right to receive personal data in a structured, commonly used, and machine-readable format, and (ii) the right for such data to be transmitted by HydraPrim.md to another data controller, insofar as the conditions provided by law are met;<\/li>\n\n<li>the right to object \u2013 regarding processing activities, it can be exercised by submitting a request as indicated below;<ul class=\"wp-block-list\"><li>at any time, for reasons related to the particular situation of the data subject, that the data concerning them be processed based on the legitimate interest of [the website owner] or on public interest grounds, except where HydraPrim.md can demonstrate compelling legitimate grounds for the processing which override the interests, rights, and freedoms of the data subject, or where the processing is for the establishment, exercise, or defense of a legal claim;<\/li>\n\n<li>at any time, free of charge and without any justification, that the data concerning them be processed for direct marketing purposes.<\/li><\/ul><\/li>\n\n<li>the right not to be subject to an automated individual decision, namely the right not to be subject to a decision based solely on automated processing activities, including profiling, which produces legal effects concerning the data subject or similarly significantly affects them;<\/li>\n\n<li>the right to address the National Supervisory Authority for Personal Data Processing or the competent courts, as you deem necessary.<\/li><\/ul><p>For any additional questions regarding the processing of personal data and to exercise the rights mentioned above, please contact us at the email address:&nbsp;<a href=\"mailto:contact@hydraprim.md\">contact@hydraprim.md<\/a>.<br>This website uses cookies. For more information on how these files are used, please visit the following link:&nbsp;<a href=\"https:\/\/hydraprim.md\/en\/termeni-si-conditii\/\">https:\/\/hydraprim.md\/termeni-si-conditii\/<\/a><\/p>","protected":false},"excerpt":{"rendered":"<p>I. Informa\u021bii generale Confiden\u021bialitatea datelor dumneavoastr\u0103 cu caracter personal reprezint\u0103 una dintre preocup\u0103rile principale ale Hydra Prim, cu sediul \u00een mun. Chisin\u0103u, \u00een calitate de operator de date.Acest document are rolul de a v\u0103 informa cu privire la prelucrarea datelor dumneavoastr\u0103 cu caracter personal, \u00een contextul utiliz\u0103rii paginii de internet https:\/\/hydraprim.md\/. (\u201eSite-ul\u201d) II. Categoriile de [&hellip;]<\/p>","protected":false},"author":1,"featured_media":0,"parent":0,"menu_order":0,"comment_status":"closed","ping_status":"closed","template":"","meta":{"_acf_changed":false,"footnotes":""},"class_list":["post-312","page","type-page","status-publish","format-standard","hentry"],"acf":[],"_links":{"self":[{"href":"https:\/\/hydraprim.md\/en\/wp-json\/wp\/v2\/pages\/312","targetHints":{"allow":["GET"]}}],"collection":[{"href":"https:\/\/hydraprim.md\/en\/wp-json\/wp\/v2\/pages"}],"about":[{"href":"https:\/\/hydraprim.md\/en\/wp-json\/wp\/v2\/types\/page"}],"author":[{"embeddable":true,"href":"https:\/\/hydraprim.md\/en\/wp-json\/wp\/v2\/users\/1"}],"replies":[{"embeddable":true,"href":"https:\/\/hydraprim.md\/en\/wp-json\/wp\/v2\/comments?post=312"}],"version-history":[{"count":2,"href":"https:\/\/hydraprim.md\/en\/wp-json\/wp\/v2\/pages\/312\/revisions"}],"predecessor-version":[{"id":657,"href":"https:\/\/hydraprim.md\/en\/wp-json\/wp\/v2\/pages\/312\/revisions\/657"}],"wp:attachment":[{"href":"https:\/\/hydraprim.md\/en\/wp-json\/wp\/v2\/media?parent=312"}],"curies":[{"name":"wp","href":"https:\/\/api.w.org\/{rel}","templated":true}]}}