{"id":1054,"date":"2025-06-10T07:19:01","date_gmt":"2025-06-10T07:19:01","guid":{"rendered":"https:\/\/hydraprim.md\/?post_type=product&#038;p=1054"},"modified":"2025-10-17T16:26:38","modified_gmt":"2025-10-17T16:26:38","slug":"cos-cu-flori-1","status":"publish","type":"product","link":"https:\/\/hydraprim.md\/ru\/product\/cos-cu-flori-1\/","title":{"rendered":"Co\u0219 &#8220;\u0218oapte de hortensie&#8221;"},"content":{"rendered":"","protected":false},"excerpt":{"rendered":"<p>Un co\u0219 alb elegant, \u00eempletit cu grij\u0103, plin cu hortensii spectaculoase \u00een nuan\u021be intense de fucsia, roz zmeur\u0103 \u0219i albastru-violet catifelat. Aranjamentul este decorat cu panglici delicate \u00een culorile tricolorului \u2013 albastru, ro\u0219u \u0219i alb \u2013 ad\u0103ug\u00e2nd un aer festiv \u0219i simbolic. Un buchet vibrant care transmite bucurie, rafinament \u0219i m\u00e2ndrie, perfect pentru ocazii speciale sau evenimente cu tematic\u0103 na\u021bional\u0103.<\/p>\n<p>Hortensii-11 buc.<\/p>\n<p>Cos<\/p>\n<p>Ambalaj<\/p>","protected":false},"featured_media":1105,"comment_status":"open","ping_status":"closed","template":"","meta":{"_acf_changed":false},"product_brand":[],"product_cat":[42,51],"product_tag":[],"class_list":{"0":"post-1054","1":"product","2":"type-product","3":"status-publish","4":"has-post-thumbnail","6":"product_cat-compozitii-florale","7":"product_cat-cos-cu-flori","9":"first","10":"instock","11":"shipping-taxable","12":"purchasable","13":"product-type-simple"},"acf":[],"_links":{"self":[{"href":"https:\/\/hydraprim.md\/ru\/wp-json\/wp\/v2\/product\/1054","targetHints":{"allow":["GET"]}}],"collection":[{"href":"https:\/\/hydraprim.md\/ru\/wp-json\/wp\/v2\/product"}],"about":[{"href":"https:\/\/hydraprim.md\/ru\/wp-json\/wp\/v2\/types\/product"}],"replies":[{"embeddable":true,"href":"https:\/\/hydraprim.md\/ru\/wp-json\/wp\/v2\/comments?post=1054"}],"wp:featuredmedia":[{"embeddable":true,"href":"https:\/\/hydraprim.md\/ru\/wp-json\/wp\/v2\/media\/1105"}],"wp:attachment":[{"href":"https:\/\/hydraprim.md\/ru\/wp-json\/wp\/v2\/media?parent=1054"}],"wp:term":[{"taxonomy":"product_brand","embeddable":true,"href":"https:\/\/hydraprim.md\/ru\/wp-json\/wp\/v2\/product_brand?post=1054"},{"taxonomy":"product_cat","embeddable":true,"href":"https:\/\/hydraprim.md\/ru\/wp-json\/wp\/v2\/product_cat?post=1054"},{"taxonomy":"product_tag","embeddable":true,"href":"https:\/\/hydraprim.md\/ru\/wp-json\/wp\/v2\/product_tag?post=1054"}],"curies":[{"name":"wp","href":"https:\/\/api.w.org\/{rel}","templated":true}]}}