{"id":1081,"date":"2025-06-10T07:49:10","date_gmt":"2025-06-10T07:49:10","guid":{"rendered":"https:\/\/hydraprim.md\/?post_type=product&#038;p=1081"},"modified":"2025-07-07T16:21:42","modified_gmt":"2025-07-07T16:21:42","slug":"buchet-cu-flori-4","status":"publish","type":"product","link":"https:\/\/hydraprim.md\/ru\/product\/buchet-cu-flori-4\/","title":{"rendered":"Buchet &#8220;Contraste de vara&#8221;"},"content":{"rendered":"<p>Buchet cu hortensie si bujori (in afara sezonului bujorii pot fi inlocuiti cu trandafiri imbujorati)<\/p>","protected":false},"excerpt":{"rendered":"<p>Un buchet care impresioneaz\u0103 din prima clip\u0103 \u2013 \u201eContraste de var\u0103\u201d aduce laolalt\u0103 delicate\u021bea r\u0103coroas\u0103 a hortensiei albastre cu energia intens\u0103 a bujorilor roz-fucsia. Un joc de culori pline de via\u021b\u0103, menit s\u0103 transmit\u0103 bucurie, for\u021b\u0103 \u0219i feminitate.<\/p>\n<p>Ambalat \u00een h\u00e2rtie satinat\u0103 alb\u0103 \u0219i legat cu panglic\u0103 bordo, acest buchet este o alegere ideal\u0103 pentru zile speciale, anivers\u0103ri sau cadouri cu impact vizual puternic.<\/p>\n<p>\u00cen afara sezonului bujorii pot fi inlocui\u021bi cu trandafiri.<\/p>\n<p>Compozi\u021bia Buchetului:<\/p>\n<p>Hortensii-1 buc.<\/p>\n<p>Bujori-7 buc.<\/p>\n<p>Ambalaj<\/p>","protected":false},"featured_media":1082,"comment_status":"open","ping_status":"closed","template":"","meta":{"_acf_changed":false},"product_brand":[],"product_cat":[40],"product_tag":[],"class_list":{"0":"post-1081","1":"product","2":"type-product","3":"status-publish","4":"has-post-thumbnail","6":"product_cat-buchete","8":"first","9":"instock","10":"shipping-taxable","11":"purchasable","12":"product-type-simple"},"acf":[],"_links":{"self":[{"href":"https:\/\/hydraprim.md\/ru\/wp-json\/wp\/v2\/product\/1081","targetHints":{"allow":["GET"]}}],"collection":[{"href":"https:\/\/hydraprim.md\/ru\/wp-json\/wp\/v2\/product"}],"about":[{"href":"https:\/\/hydraprim.md\/ru\/wp-json\/wp\/v2\/types\/product"}],"replies":[{"embeddable":true,"href":"https:\/\/hydraprim.md\/ru\/wp-json\/wp\/v2\/comments?post=1081"}],"wp:featuredmedia":[{"embeddable":true,"href":"https:\/\/hydraprim.md\/ru\/wp-json\/wp\/v2\/media\/1082"}],"wp:attachment":[{"href":"https:\/\/hydraprim.md\/ru\/wp-json\/wp\/v2\/media?parent=1081"}],"wp:term":[{"taxonomy":"product_brand","embeddable":true,"href":"https:\/\/hydraprim.md\/ru\/wp-json\/wp\/v2\/product_brand?post=1081"},{"taxonomy":"product_cat","embeddable":true,"href":"https:\/\/hydraprim.md\/ru\/wp-json\/wp\/v2\/product_cat?post=1081"},{"taxonomy":"product_tag","embeddable":true,"href":"https:\/\/hydraprim.md\/ru\/wp-json\/wp\/v2\/product_tag?post=1081"}],"curies":[{"name":"wp","href":"https:\/\/api.w.org\/{rel}","templated":true}]}}