{"id":354,"date":"2025-05-07T10:35:54","date_gmt":"2025-05-07T10:35:54","guid":{"rendered":"https:\/\/hydraprim.md\/?post_type=product&#038;p=354"},"modified":"2025-05-12T11:58:44","modified_gmt":"2025-05-12T11:58:44","slug":"hydrangea-macrophylla-blacksteel-pink","status":"publish","type":"product","link":"https:\/\/hydraprim.md\/ru\/product\/hydrangea-macrophylla-blacksteel-pink\/","title":{"rendered":"\u00a0Hydrangea Macrophylla &#8220;Blacksteel Pink&#8221;"},"content":{"rendered":"","protected":false},"excerpt":{"rendered":"<p><em>Speciale<\/em><br \/>\n<strong>Nume:<\/strong> Hydrangea Macrophylla Blacksteel Pink (remontant)<\/p>\n<p><strong>Inaltime:<\/strong> 60-90 cm<br \/>\n<strong>Culoare:<\/strong> roz<br \/>\n<strong>Caracteristici:<\/strong> Cre\u0219tere intensiv\u0103<br \/>\nHortensie puternic\u0103 pentru gr\u0103dina modern\u0103<br \/>\nPicuri puternice de culoare \u00eenchis\u0103 cu frunze \u00eentunecate<\/p>","protected":false},"featured_media":393,"comment_status":"closed","ping_status":"closed","template":"","meta":{"_acf_changed":false},"product_brand":[],"product_cat":[22],"product_tag":[],"class_list":{"0":"post-354","1":"product","2":"type-product","3":"status-publish","4":"has-post-thumbnail","6":"product_cat-hydrangea-de-gradina","8":"first","9":"instock","10":"shipping-taxable","11":"purchasable","12":"product-type-variable"},"acf":[],"_links":{"self":[{"href":"https:\/\/hydraprim.md\/ru\/wp-json\/wp\/v2\/product\/354","targetHints":{"allow":["GET"]}}],"collection":[{"href":"https:\/\/hydraprim.md\/ru\/wp-json\/wp\/v2\/product"}],"about":[{"href":"https:\/\/hydraprim.md\/ru\/wp-json\/wp\/v2\/types\/product"}],"replies":[{"embeddable":true,"href":"https:\/\/hydraprim.md\/ru\/wp-json\/wp\/v2\/comments?post=354"}],"wp:featuredmedia":[{"embeddable":true,"href":"https:\/\/hydraprim.md\/ru\/wp-json\/wp\/v2\/media\/393"}],"wp:attachment":[{"href":"https:\/\/hydraprim.md\/ru\/wp-json\/wp\/v2\/media?parent=354"}],"wp:term":[{"taxonomy":"product_brand","embeddable":true,"href":"https:\/\/hydraprim.md\/ru\/wp-json\/wp\/v2\/product_brand?post=354"},{"taxonomy":"product_cat","embeddable":true,"href":"https:\/\/hydraprim.md\/ru\/wp-json\/wp\/v2\/product_cat?post=354"},{"taxonomy":"product_tag","embeddable":true,"href":"https:\/\/hydraprim.md\/ru\/wp-json\/wp\/v2\/product_tag?post=354"}],"curies":[{"name":"wp","href":"https:\/\/api.w.org\/{rel}","templated":true}]}}