{"id":360,"date":"2025-05-07T10:35:55","date_gmt":"2025-05-07T10:35:55","guid":{"rendered":"https:\/\/hydraprim.md\/?post_type=product&#038;p=360"},"modified":"2025-05-12T14:19:34","modified_gmt":"2025-05-12T14:19:34","slug":"hypericum-magical-innocence","status":"publish","type":"product","link":"https:\/\/hydraprim.md\/ru\/product\/hypericum-magical-innocence\/","title":{"rendered":"Hypericum Magical Innocence"},"content":{"rendered":"","protected":false},"excerpt":{"rendered":"<p>Arbust cu form\u0103 frumoas\u0103, cu fructe de p\u0103dure substan\u021biale de culoarea somonului.<br \/>\nDistribu\u021bia uimitoare \u00eenseamn\u0103 c\u0103 aceste fructe de p\u0103dure aduc culoare \u00eentregului tufi\u0219.<\/p>\n<p><strong>Lungimea:<\/strong> 30-50cm<br \/>\n<strong>Culoare:<\/strong> Roz<br \/>\nCantiatea minim\u0103 de partid\u0103 este de <strong>10 flori.<\/strong><\/p>","protected":false},"featured_media":414,"comment_status":"closed","ping_status":"closed","template":"","meta":{"_acf_changed":false},"product_brand":[],"product_cat":[15],"product_tag":[],"class_list":{"0":"post-360","1":"product","2":"type-product","3":"status-publish","4":"has-post-thumbnail","6":"product_cat-uncategorized","8":"first","9":"outofstock","10":"shipping-taxable","11":"product-type-simple"},"acf":[],"_links":{"self":[{"href":"https:\/\/hydraprim.md\/ru\/wp-json\/wp\/v2\/product\/360","targetHints":{"allow":["GET"]}}],"collection":[{"href":"https:\/\/hydraprim.md\/ru\/wp-json\/wp\/v2\/product"}],"about":[{"href":"https:\/\/hydraprim.md\/ru\/wp-json\/wp\/v2\/types\/product"}],"replies":[{"embeddable":true,"href":"https:\/\/hydraprim.md\/ru\/wp-json\/wp\/v2\/comments?post=360"}],"wp:featuredmedia":[{"embeddable":true,"href":"https:\/\/hydraprim.md\/ru\/wp-json\/wp\/v2\/media\/414"}],"wp:attachment":[{"href":"https:\/\/hydraprim.md\/ru\/wp-json\/wp\/v2\/media?parent=360"}],"wp:term":[{"taxonomy":"product_brand","embeddable":true,"href":"https:\/\/hydraprim.md\/ru\/wp-json\/wp\/v2\/product_brand?post=360"},{"taxonomy":"product_cat","embeddable":true,"href":"https:\/\/hydraprim.md\/ru\/wp-json\/wp\/v2\/product_cat?post=360"},{"taxonomy":"product_tag","embeddable":true,"href":"https:\/\/hydraprim.md\/ru\/wp-json\/wp\/v2\/product_tag?post=360"}],"curies":[{"name":"wp","href":"https:\/\/api.w.org\/{rel}","templated":true}]}}