{"id":361,"date":"2025-05-07T10:35:55","date_gmt":"2025-05-07T10:35:55","guid":{"rendered":"https:\/\/hydraprim.md\/?post_type=product&#038;p=361"},"modified":"2025-05-12T14:20:08","modified_gmt":"2025-05-12T14:20:08","slug":"hypericum-magical-impression","status":"publish","type":"product","link":"https:\/\/hydraprim.md\/ru\/product\/hypericum-magical-impression\/","title":{"rendered":"Hypericum Magical Impression"},"content":{"rendered":"","protected":false},"excerpt":{"rendered":"<p><strong>Lungimea:<\/strong> 30-50cm<br \/>\n<strong>Culoare:<\/strong> Ro\u0219u<br \/>\nCantiatea minim\u0103 de partid\u0103 este de <strong>10 flori.<\/strong><\/p>\n<p>Hypericum este o boab\u0103 popular\u0103 care se g\u0103se\u0219te adesea \u00een buchete mixte \u00een zilele noastre. Hypericumul \u201eMagic\u201d, o variant\u0103 a hypericumului, a cucerit \u00een scurt timp un loc foarte apreciat pe pia\u021ba interna\u021bional\u0103 de hipericum. Pe l\u00e2ng\u0103 nuan\u021bele frumoase ale boabelor, planta se caracterizeaz\u0103 \u0219i prin cre\u0219tere s\u0103n\u0103toas\u0103, toleran\u021b\u0103 ridicat\u0103 la rugina \u0219i adesea chiar rezisten\u021b\u0103 la rugin\u0103. O plant\u0103 s\u0103n\u0103toas\u0103, frumoas\u0103 \u0219i datorit\u0103 gamei largi de culori, va exista \u00eentotdeauna o culoare pe placul t\u0103u.<\/p>","protected":false},"featured_media":416,"comment_status":"closed","ping_status":"closed","template":"","meta":{"_acf_changed":false},"product_brand":[],"product_cat":[15],"product_tag":[],"class_list":{"0":"post-361","1":"product","2":"type-product","3":"status-publish","4":"has-post-thumbnail","6":"product_cat-uncategorized","8":"first","9":"outofstock","10":"shipping-taxable","11":"product-type-simple"},"acf":[],"_links":{"self":[{"href":"https:\/\/hydraprim.md\/ru\/wp-json\/wp\/v2\/product\/361","targetHints":{"allow":["GET"]}}],"collection":[{"href":"https:\/\/hydraprim.md\/ru\/wp-json\/wp\/v2\/product"}],"about":[{"href":"https:\/\/hydraprim.md\/ru\/wp-json\/wp\/v2\/types\/product"}],"replies":[{"embeddable":true,"href":"https:\/\/hydraprim.md\/ru\/wp-json\/wp\/v2\/comments?post=361"}],"wp:featuredmedia":[{"embeddable":true,"href":"https:\/\/hydraprim.md\/ru\/wp-json\/wp\/v2\/media\/416"}],"wp:attachment":[{"href":"https:\/\/hydraprim.md\/ru\/wp-json\/wp\/v2\/media?parent=361"}],"wp:term":[{"taxonomy":"product_brand","embeddable":true,"href":"https:\/\/hydraprim.md\/ru\/wp-json\/wp\/v2\/product_brand?post=361"},{"taxonomy":"product_cat","embeddable":true,"href":"https:\/\/hydraprim.md\/ru\/wp-json\/wp\/v2\/product_cat?post=361"},{"taxonomy":"product_tag","embeddable":true,"href":"https:\/\/hydraprim.md\/ru\/wp-json\/wp\/v2\/product_tag?post=361"}],"curies":[{"name":"wp","href":"https:\/\/api.w.org\/{rel}","templated":true}]}}