{"id":362,"date":"2025-05-07T10:35:56","date_gmt":"2025-05-07T10:35:56","guid":{"rendered":"https:\/\/hydraprim.md\/?post_type=product&#038;p=362"},"modified":"2025-05-12T14:16:42","modified_gmt":"2025-05-12T14:16:42","slug":"hypericum-magical-green-revival","status":"publish","type":"product","link":"https:\/\/hydraprim.md\/ru\/product\/hypericum-magical-green-revival\/","title":{"rendered":"Hypericum Magical Green Revival"},"content":{"rendered":"","protected":false},"excerpt":{"rendered":"<p>Arbust cu form\u0103 frumoas\u0103, cu fructe de p\u0103dure verzi atractive \u00een form\u0103 de m\u0103r.<\/p>\n<p><strong>Lungimea:<\/strong> 30-50cm<br \/>\n<strong>Culoare:<\/strong> Verde<br \/>\nCantiatea minim\u0103 de partid\u0103 este de <strong>10 flori.<\/strong><\/p>","protected":false},"featured_media":418,"comment_status":"closed","ping_status":"closed","template":"","meta":{"_acf_changed":false},"product_brand":[],"product_cat":[15],"product_tag":[],"class_list":{"0":"post-362","1":"product","2":"type-product","3":"status-publish","4":"has-post-thumbnail","6":"product_cat-uncategorized","8":"first","9":"outofstock","10":"shipping-taxable","11":"product-type-simple"},"acf":[],"_links":{"self":[{"href":"https:\/\/hydraprim.md\/ru\/wp-json\/wp\/v2\/product\/362","targetHints":{"allow":["GET"]}}],"collection":[{"href":"https:\/\/hydraprim.md\/ru\/wp-json\/wp\/v2\/product"}],"about":[{"href":"https:\/\/hydraprim.md\/ru\/wp-json\/wp\/v2\/types\/product"}],"replies":[{"embeddable":true,"href":"https:\/\/hydraprim.md\/ru\/wp-json\/wp\/v2\/comments?post=362"}],"wp:featuredmedia":[{"embeddable":true,"href":"https:\/\/hydraprim.md\/ru\/wp-json\/wp\/v2\/media\/418"}],"wp:attachment":[{"href":"https:\/\/hydraprim.md\/ru\/wp-json\/wp\/v2\/media?parent=362"}],"wp:term":[{"taxonomy":"product_brand","embeddable":true,"href":"https:\/\/hydraprim.md\/ru\/wp-json\/wp\/v2\/product_brand?post=362"},{"taxonomy":"product_cat","embeddable":true,"href":"https:\/\/hydraprim.md\/ru\/wp-json\/wp\/v2\/product_cat?post=362"},{"taxonomy":"product_tag","embeddable":true,"href":"https:\/\/hydraprim.md\/ru\/wp-json\/wp\/v2\/product_tag?post=362"}],"curies":[{"name":"wp","href":"https:\/\/api.w.org\/{rel}","templated":true}]}}