{"id":363,"date":"2025-05-07T10:35:56","date_gmt":"2025-05-07T10:35:56","guid":{"rendered":"https:\/\/hydraprim.md\/?post_type=product&#038;p=363"},"modified":"2025-05-12T14:18:44","modified_gmt":"2025-05-12T14:18:44","slug":"hypericum-magical-white","status":"publish","type":"product","link":"https:\/\/hydraprim.md\/ru\/product\/hypericum-magical-white\/","title":{"rendered":"Hypericum Magical White"},"content":{"rendered":"","protected":false},"excerpt":{"rendered":"<p>Hypericum uimitor cu frunzi\u0219 verde str\u0103lucitor, care \u00ee\u0219i arat\u0103 cu adev\u0103rat fructele de p\u0103dure alb filde\u0219.<\/p>\n<p><strong>Lungimea:<\/strong>\u00a030-50cm<br \/>\n<strong>Culoare:<\/strong> Alb\u0103<br \/>\nCantiatea minim\u0103 de partid\u0103 este de\u00a0<strong>10 flori.<\/strong><\/p>","protected":false},"featured_media":428,"comment_status":"closed","ping_status":"closed","template":"","meta":{"_acf_changed":false},"product_brand":[],"product_cat":[15],"product_tag":[],"class_list":{"0":"post-363","1":"product","2":"type-product","3":"status-publish","4":"has-post-thumbnail","6":"product_cat-uncategorized","8":"first","9":"outofstock","10":"shipping-taxable","11":"product-type-simple"},"acf":[],"_links":{"self":[{"href":"https:\/\/hydraprim.md\/ru\/wp-json\/wp\/v2\/product\/363","targetHints":{"allow":["GET"]}}],"collection":[{"href":"https:\/\/hydraprim.md\/ru\/wp-json\/wp\/v2\/product"}],"about":[{"href":"https:\/\/hydraprim.md\/ru\/wp-json\/wp\/v2\/types\/product"}],"replies":[{"embeddable":true,"href":"https:\/\/hydraprim.md\/ru\/wp-json\/wp\/v2\/comments?post=363"}],"wp:featuredmedia":[{"embeddable":true,"href":"https:\/\/hydraprim.md\/ru\/wp-json\/wp\/v2\/media\/428"}],"wp:attachment":[{"href":"https:\/\/hydraprim.md\/ru\/wp-json\/wp\/v2\/media?parent=363"}],"wp:term":[{"taxonomy":"product_brand","embeddable":true,"href":"https:\/\/hydraprim.md\/ru\/wp-json\/wp\/v2\/product_brand?post=363"},{"taxonomy":"product_cat","embeddable":true,"href":"https:\/\/hydraprim.md\/ru\/wp-json\/wp\/v2\/product_cat?post=363"},{"taxonomy":"product_tag","embeddable":true,"href":"https:\/\/hydraprim.md\/ru\/wp-json\/wp\/v2\/product_tag?post=363"}],"curies":[{"name":"wp","href":"https:\/\/api.w.org\/{rel}","templated":true}]}}