{"id":364,"date":"2025-05-07T10:35:56","date_gmt":"2025-05-07T10:35:56","guid":{"rendered":"https:\/\/hydraprim.md\/?post_type=product&#038;p=364"},"modified":"2025-05-12T14:17:25","modified_gmt":"2025-05-12T14:17:25","slug":"paeonia-coral-sunset","status":"publish","type":"product","link":"https:\/\/hydraprim.md\/ru\/product\/paeonia-coral-sunset\/","title":{"rendered":"Paeonia Coral Sunset"},"content":{"rendered":"","protected":false},"excerpt":{"rendered":"<p>Diverse culori de flori \u0219i diverse perioade de t\u0103iere MAI-IUNIE<\/p>\n<p><strong>Distanta de plantare:<\/strong> 50 x 50<br \/>\n<strong>Cantitate pe metru:<\/strong> 4<br \/>\n<strong>Lungimea:<\/strong> 30-60cm<br \/>\n<strong>Culoare:<\/strong> Ro\u0219u-Portocaliu<br \/>\n<strong>Tipul de sol:<\/strong> Toate tipurile de sol<br \/>\n<strong>Rezisten\u021b\u0103 la iarn\u0103:<\/strong> excelent<br \/>\n<strong>Caracteristici:<\/strong> Produs familiar \u0219i popular pentru t\u0103iere. R\u0103sp\u00e2ndirea corect\u0103 a soiurilor va asigura o perioad\u0103 lung\u0103 de recoltare. Poate fi for\u021bat \u00eentr-o ser\u0103 mobil\u0103.<\/p>","protected":false},"featured_media":430,"comment_status":"closed","ping_status":"closed","template":"","meta":{"_acf_changed":false},"product_brand":[],"product_cat":[24],"product_tag":[],"class_list":{"0":"post-364","1":"product","2":"type-product","3":"status-publish","4":"has-post-thumbnail","6":"product_cat-pioni","8":"first","9":"onbackorder","10":"shipping-taxable","11":"product-type-simple"},"acf":[],"_links":{"self":[{"href":"https:\/\/hydraprim.md\/ru\/wp-json\/wp\/v2\/product\/364","targetHints":{"allow":["GET"]}}],"collection":[{"href":"https:\/\/hydraprim.md\/ru\/wp-json\/wp\/v2\/product"}],"about":[{"href":"https:\/\/hydraprim.md\/ru\/wp-json\/wp\/v2\/types\/product"}],"replies":[{"embeddable":true,"href":"https:\/\/hydraprim.md\/ru\/wp-json\/wp\/v2\/comments?post=364"}],"wp:featuredmedia":[{"embeddable":true,"href":"https:\/\/hydraprim.md\/ru\/wp-json\/wp\/v2\/media\/430"}],"wp:attachment":[{"href":"https:\/\/hydraprim.md\/ru\/wp-json\/wp\/v2\/media?parent=364"}],"wp:term":[{"taxonomy":"product_brand","embeddable":true,"href":"https:\/\/hydraprim.md\/ru\/wp-json\/wp\/v2\/product_brand?post=364"},{"taxonomy":"product_cat","embeddable":true,"href":"https:\/\/hydraprim.md\/ru\/wp-json\/wp\/v2\/product_cat?post=364"},{"taxonomy":"product_tag","embeddable":true,"href":"https:\/\/hydraprim.md\/ru\/wp-json\/wp\/v2\/product_tag?post=364"}],"curies":[{"name":"wp","href":"https:\/\/api.w.org\/{rel}","templated":true}]}}