{"id":367,"date":"2025-05-07T10:35:57","date_gmt":"2025-05-07T10:35:57","guid":{"rendered":"https:\/\/hydraprim.md\/?post_type=product&#038;p=367"},"modified":"2025-05-12T14:20:48","modified_gmt":"2025-05-12T14:20:48","slug":"paeonia-paula-fay","status":"publish","type":"product","link":"https:\/\/hydraprim.md\/ru\/product\/paeonia-paula-fay\/","title":{"rendered":"Paeonia Paula Fay"},"content":{"rendered":"","protected":false},"excerpt":{"rendered":"<p><strong>Lungimea:<\/strong> 30-60cm<br \/>\n<strong>Culoare:<\/strong> Ro\u0219u<\/p>\n<p>Paeonia este o floare popular\u0103 de prim\u0103var\u0103 \u0219i are mul\u021bi fani care se \u00eendr\u0103gostesc de farmecul s\u0103u. Nu numai varietatea de culori face aceast\u0103 floare at\u00e2t de atractiv\u0103, parfumul delicios de dulce care vine din floare are \u0219i el un rol important \u00een asta \u0219i nu poate fi ratat. Acesta este unul dintre motivele pentru care pasiona\u021bilor de flori le place s\u0103 planteze pioni \u00een gr\u0103dinile lor. \u00cen afar\u0103 de asta, paeonia este un plus colorat pentru fiecare cas\u0103 \u0219i gr\u0103din\u0103 \u0219i serve\u0219te drept floare t\u0103iat\u0103 perfect\u0103.<\/p>","protected":false},"featured_media":436,"comment_status":"closed","ping_status":"closed","template":"","meta":{"_acf_changed":false},"product_brand":[],"product_cat":[24],"product_tag":[],"class_list":{"0":"post-367","1":"product","2":"type-product","3":"status-publish","4":"has-post-thumbnail","6":"product_cat-pioni","8":"first","9":"onbackorder","10":"shipping-taxable","11":"product-type-simple"},"acf":[],"_links":{"self":[{"href":"https:\/\/hydraprim.md\/ru\/wp-json\/wp\/v2\/product\/367","targetHints":{"allow":["GET"]}}],"collection":[{"href":"https:\/\/hydraprim.md\/ru\/wp-json\/wp\/v2\/product"}],"about":[{"href":"https:\/\/hydraprim.md\/ru\/wp-json\/wp\/v2\/types\/product"}],"replies":[{"embeddable":true,"href":"https:\/\/hydraprim.md\/ru\/wp-json\/wp\/v2\/comments?post=367"}],"wp:featuredmedia":[{"embeddable":true,"href":"https:\/\/hydraprim.md\/ru\/wp-json\/wp\/v2\/media\/436"}],"wp:attachment":[{"href":"https:\/\/hydraprim.md\/ru\/wp-json\/wp\/v2\/media?parent=367"}],"wp:term":[{"taxonomy":"product_brand","embeddable":true,"href":"https:\/\/hydraprim.md\/ru\/wp-json\/wp\/v2\/product_brand?post=367"},{"taxonomy":"product_cat","embeddable":true,"href":"https:\/\/hydraprim.md\/ru\/wp-json\/wp\/v2\/product_cat?post=367"},{"taxonomy":"product_tag","embeddable":true,"href":"https:\/\/hydraprim.md\/ru\/wp-json\/wp\/v2\/product_tag?post=367"}],"curies":[{"name":"wp","href":"https:\/\/api.w.org\/{rel}","templated":true}]}}