{"id":560,"date":"2025-05-07T10:39:28","date_gmt":"2025-05-07T10:39:28","guid":{"rendered":"https:\/\/hydraprim.md\/?post_type=product&#038;p=560"},"modified":"2025-07-15T12:14:12","modified_gmt":"2025-07-15T12:14:12","slug":"hydrangea-macrophylla-teller","status":"publish","type":"product","link":"https:\/\/hydraprim.md\/ru\/product\/hydrangea-macrophylla-teller\/","title":{"rendered":"Hydrangea Macrophylla &#8220;Teller&#8221;"},"content":{"rendered":"<p>Hydrangea macrophylla \u2018Teller\u2019 este un grup de hortensii tip lacecap, caracterizate prin inflorescen\u021be plate, cu flori centrale mici, fertile, \u0219i flori marginale mai mari, sterile. Culorile variaz\u0103 de la albastru la roz intens, \u00een func\u021bie de pH-ul solului. Are frunzi\u0219 verde \u00eenchis \u0219i o cre\u0219tere viguroas\u0103, fiind potrivit\u0103 at\u00e2t pentru gr\u0103dini, c\u00e2t \u0219i pentru ghivece. \u00cenflore\u0219te din iunie p\u00e2n\u0103 \u00een septembrie \u0219i prefer\u0103 solurile bine drenate, u\u0219or acide \u0219i loca\u021biile par\u021bial umbrite.<\/p>","protected":false},"excerpt":{"rendered":"<p><em>Speciale<\/em><br \/>\n<strong>Numele plantei:<\/strong> Hydrangea Macrophylla &#8220;Teller&#8221; (clasic)<\/p>\n<p><strong>Inaltimea plantei:<\/strong> 60 cm<br \/>\n<strong>Culoare\/tip flori:<\/strong> Purple<br \/>\nT\u0103iere u\u0219oar\u0103<br \/>\nFlorile sunt sterile in culoare intensa<br \/>\n\u00cen\u0103l\u021bime medie a plantei<\/p>","protected":false},"featured_media":582,"comment_status":"closed","ping_status":"closed","template":"","meta":{"_acf_changed":false},"product_brand":[],"product_cat":[22],"product_tag":[],"class_list":{"0":"post-560","1":"product","2":"type-product","3":"status-publish","4":"has-post-thumbnail","6":"product_cat-hydrangea-de-gradina","8":"first","9":"instock","10":"shipping-taxable","11":"purchasable","12":"product-type-simple"},"acf":[],"_links":{"self":[{"href":"https:\/\/hydraprim.md\/ru\/wp-json\/wp\/v2\/product\/560","targetHints":{"allow":["GET"]}}],"collection":[{"href":"https:\/\/hydraprim.md\/ru\/wp-json\/wp\/v2\/product"}],"about":[{"href":"https:\/\/hydraprim.md\/ru\/wp-json\/wp\/v2\/types\/product"}],"replies":[{"embeddable":true,"href":"https:\/\/hydraprim.md\/ru\/wp-json\/wp\/v2\/comments?post=560"}],"wp:featuredmedia":[{"embeddable":true,"href":"https:\/\/hydraprim.md\/ru\/wp-json\/wp\/v2\/media\/582"}],"wp:attachment":[{"href":"https:\/\/hydraprim.md\/ru\/wp-json\/wp\/v2\/media?parent=560"}],"wp:term":[{"taxonomy":"product_brand","embeddable":true,"href":"https:\/\/hydraprim.md\/ru\/wp-json\/wp\/v2\/product_brand?post=560"},{"taxonomy":"product_cat","embeddable":true,"href":"https:\/\/hydraprim.md\/ru\/wp-json\/wp\/v2\/product_cat?post=560"},{"taxonomy":"product_tag","embeddable":true,"href":"https:\/\/hydraprim.md\/ru\/wp-json\/wp\/v2\/product_tag?post=560"}],"curies":[{"name":"wp","href":"https:\/\/api.w.org\/{rel}","templated":true}]}}